{"id":62,"date":"2017-04-19T12:39:54","date_gmt":"2017-04-19T09:39:54","guid":{"rendered":"http:\/\/www.hotelkabakum.com\/new\/?page_id=62"},"modified":"2019-06-26T07:50:06","modified_gmt":"2019-06-26T04:50:06","slug":"locatie","status":"publish","type":"page","link":"https:\/\/www.hotelkabakum.com\/ro\/locatie\/","title":{"rendered":"Loca\u0163ie"},"content":{"rendered":"<div class='jsn-bootstrap3'><div id='QMu53y' class='row '  style='padding-top:10px;padding-bottom:10px;padding-left:10px;padding-right:10px;'><div class=\"col-md-6 col-sm-6 col-xs-12 \" ><div   class='jsn-bootstrap3 wr-element-container wr-element-text' ><div class=\"wr_text\" id=\"XLyXXE\"><p>Hotelul &#8220;Kabakum&#8221; este amplasat \u00een localitatea &#8220;Alen Mak&#8221; \u00eentre sta\u0163iunea de var\u0103 &#8220;Sf.Sf. Konstantin \u015fi Elena&#8221; \u015fi sta\u0163iunea de var\u0103 &#8220;Nisipurile de Aur&#8221;, la 10 km nord de ora\u015ful Varna. <br \/>\n\u00cen apropiere de Universitatea Liber\u0103 de la Varna &#8220;Chernorizets Hrabar&#8221; \u015fi la 600 m de la Casa interna\u0163ional\u0103 a Jurnalistului. <\/p>\n<p><span class=\"gold\">ora\u015ful Varna<br \/>\nregiunea Alen Mak 3444<br \/>\nl\u00e2ng\u0103 Universitatea Liber\u0103 din Varna &#8220;Cernorizets Hrabar&#8221;<\/span><\/p>\n<p><strong>GPS:<\/strong> 43.259935, 28.025152<\/p>\n<\/div><\/div>\n<\/div><div class=\"col-md-6 col-sm-6 col-xs-12 \" ><div   class='jsn-bootstrap3 wr-element-container wr-element-text' ><div class=\"wr_text\" id=\"dBXy1K\"><p><iframe loading=\"lazy\" src=\"https:\/\/maps.google.com\/maps\/ms?msa=0&#038;msid=216425072989224703016.0004f1d1cc2f922b46018&#038;ie=UTF8&#038;t=m&#038;ll=43.240201,27.963638&#038;spn=0.175075,0.291824&#038;z=11&#038;output=embed\" width=\"500\" height=\"300\" frameborder=\"0\" marginwidth=\"0\" marginheight=\"0\" scrolling=\"no\"><\/iframe><\/p>\n<\/div><\/div>\n<\/div>\n<\/div><\/div>\n","protected":false},"excerpt":{"rendered":"","protected":false},"author":1,"featured_media":0,"parent":0,"menu_order":0,"comment_status":"closed","ping_status":"closed","template":"","meta":[],"aioseo_notices":[],"_links":{"self":[{"href":"https:\/\/www.hotelkabakum.com\/ro\/wp-json\/wp\/v2\/pages\/62"}],"collection":[{"href":"https:\/\/www.hotelkabakum.com\/ro\/wp-json\/wp\/v2\/pages"}],"about":[{"href":"https:\/\/www.hotelkabakum.com\/ro\/wp-json\/wp\/v2\/types\/page"}],"author":[{"embeddable":true,"href":"https:\/\/www.hotelkabakum.com\/ro\/wp-json\/wp\/v2\/users\/1"}],"replies":[{"embeddable":true,"href":"https:\/\/www.hotelkabakum.com\/ro\/wp-json\/wp\/v2\/comments?post=62"}],"version-history":[{"count":4,"href":"https:\/\/www.hotelkabakum.com\/ro\/wp-json\/wp\/v2\/pages\/62\/revisions"}],"predecessor-version":[{"id":508,"href":"https:\/\/www.hotelkabakum.com\/ro\/wp-json\/wp\/v2\/pages\/62\/revisions\/508"}],"wp:attachment":[{"href":"https:\/\/www.hotelkabakum.com\/ro\/wp-json\/wp\/v2\/media?parent=62"}],"curies":[{"name":"wp","href":"https:\/\/api.w.org\/{rel}","templated":true}]}}