{"id":72,"date":"2017-04-19T12:40:42","date_gmt":"2017-04-19T09:40:42","guid":{"rendered":"http:\/\/www.hotelkabakum.com\/new\/?page_id=72"},"modified":"2019-06-26T08:14:59","modified_gmt":"2019-06-26T05:14:59","slug":"mass-media-despre-noi","status":"publish","type":"page","link":"https:\/\/www.hotelkabakum.com\/ro\/mass-media-despre-noi\/","title":{"rendered":"Mass-media despre noi"},"content":{"rendered":"\n<!-- NOTE: If you need to make changes to this file, copy it to your current theme's main\n\tdirectory so your changes won't be overwritten when the plugin is upgraded. -->\n\n<!-- Post Wrap Start-->\n<div class=\"post hentry ivycat-post\">\n\n\t<!-- \tThis outputs the post TITLE -->\n\t<h2 class=\"entry-title\"><a href=\"https:\/\/www.hotelkabakum.com\/ro\/uleiul-klas-cu-premiul-martisorul-de-aur-2017\/\">\u201eUleiul Klas\u201c cu premiul \u201eM\u0103r\u0163i\u015forul de aur\u201c 2017<\/a><\/h2>\n\n\t<!-- \tThis outputs the post EXCERPT.  To display full content including images and html,\n\t\treplace the_excerpt(); with the_content();  below. -->\n\t<div class=\"entry-summary\">\n\t\t<p>\u201eUleiul Klas\u201c cu premiul \u201eM\u0103r\u0163i\u015forul de aur\u201c 2017 Klas se num\u0103r\u0103 printre cele 6 companii premiate cu premiul prestigios &#8220;M\u0103r\u0163i\u015forul de Aur&#8221; care premiaz\u0103 companiile cu contribu\u0163ie semnificativ\u0103 la afacerile bulgare. &#8220;Klas Olio&#8221; AD [SA] a c\u00e2\u015ftigat marele premiu \u00een categoria de firme care \u015fi-au impus propriul brand \u00een \u0163ar\u0103 \u015fi \u00een str\u0103in\u0103tate. &#8220;Uniunea Produs [&hellip;]<\/p>\n\t<\/div>\n\n\t<!--\tThis outputs the post META information -->\n\t<div class=\"entry-utility\">\n\t\t\t\t\t<span class=\"cat-links\">\n\t\t\t\t<span class=\"entry-utility-prep entry-utility-prep-cat-links\">Posted in<\/span> <a href=\"https:\/\/www.hotelkabakum.com\/ro\/category\/mass-media-despre-noi\/\" rel=\"category tag\">Mass-media despre noi<\/a>\t\t\t<\/span>\n\t\t\t<span class=\"meta-sep\">|<\/span>\n\t\t\t\t\t\t<span class=\"comments-link\">\n\t\t\t<span>\u041a\u043e\u043c\u0435\u043d\u0442\u0430\u0440\u0438\u0442\u0435 \u0441\u0430 \u0438\u0437\u043a\u043b\u044e\u0447\u0435\u043d\u0438<span class=\"screen-reader-text\"> \u0437\u0430 \u201eUleiul Klas\u201c cu premiul \u201eM\u0103r\u0163i\u015forul de aur\u201c 2017<\/span><\/span>\t\t<\/span>\n\t\t\t<\/div>\n<\/div>\n<!-- \/\/ Post Wrap End -->\n\n<!-- NOTE: If you need to make changes to this file, copy it to your current theme's main\n\tdirectory so your changes won't be overwritten when the plugin is upgraded. -->\n\n<!-- Post Wrap Start-->\n<div class=\"post hentry ivycat-post\">\n\n\t<!-- \tThis outputs the post TITLE -->\n\t<h2 class=\"entry-title\"><a href=\"https:\/\/www.hotelkabakum.com\/ro\/klas-barbeque-lux-si-ospitalitate\/\">Klas Barbeque &#8211; lux \u015fi ospitalitate<\/a><\/h2>\n\n\t<!-- \tThis outputs the post EXCERPT.  To display full content including images and html,\n\t\treplace the_excerpt(); with the_content();  below. -->\n\t<div class=\"entry-summary\">\n\t\t<p>La numai 10 minute distan\u0163\u0103 fa\u0163\u0103 de Varna (\u00een apropiere de Universitatea Liber\u0103) ve\u0163i g\u0103si o loca\u0163ie de vis. Klas Barbeque &#8211; un restaurant elegant \u00een care timpul \u015fi spa\u0163iul se contopesc \u00eentr-o armonie fericit\u0103. \u00cenc\u0103perea &#8211; parc\u0103 v\u0103 afla\u0163i \u00eentr-o poveste din Orient. Timpul &#8211; curge repede \u015fi u\u015for, orele trec f\u0103r\u0103 s\u0103 le [&hellip;]<\/p>\n\t<\/div>\n\n\t<!--\tThis outputs the post META information -->\n\t<div class=\"entry-utility\">\n\t\t\t\t\t<span class=\"cat-links\">\n\t\t\t\t<span class=\"entry-utility-prep entry-utility-prep-cat-links\">Posted in<\/span> <a href=\"https:\/\/www.hotelkabakum.com\/ro\/category\/mass-media-despre-noi\/\" rel=\"category tag\">Mass-media despre noi<\/a>\t\t\t<\/span>\n\t\t\t<span class=\"meta-sep\">|<\/span>\n\t\t\t\t\t\t<span class=\"comments-link\">\n\t\t\t<span>\u041a\u043e\u043c\u0435\u043d\u0442\u0430\u0440\u0438\u0442\u0435 \u0441\u0430 \u0438\u0437\u043a\u043b\u044e\u0447\u0435\u043d\u0438<span class=\"screen-reader-text\"> \u0437\u0430 Klas Barbeque &#8211; lux \u015fi ospitalitate<\/span><\/span>\t\t<\/span>\n\t\t\t<\/div>\n<\/div>\n<!-- \/\/ Post Wrap End -->\n\n","protected":false},"excerpt":{"rendered":"","protected":false},"author":1,"featured_media":0,"parent":0,"menu_order":0,"comment_status":"closed","ping_status":"closed","template":"page-template\/page-with-right-sidebar.php","meta":[],"aioseo_notices":[],"_links":{"self":[{"href":"https:\/\/www.hotelkabakum.com\/ro\/wp-json\/wp\/v2\/pages\/72"}],"collection":[{"href":"https:\/\/www.hotelkabakum.com\/ro\/wp-json\/wp\/v2\/pages"}],"about":[{"href":"https:\/\/www.hotelkabakum.com\/ro\/wp-json\/wp\/v2\/types\/page"}],"author":[{"embeddable":true,"href":"https:\/\/www.hotelkabakum.com\/ro\/wp-json\/wp\/v2\/users\/1"}],"replies":[{"embeddable":true,"href":"https:\/\/www.hotelkabakum.com\/ro\/wp-json\/wp\/v2\/comments?post=72"}],"version-history":[{"count":3,"href":"https:\/\/www.hotelkabakum.com\/ro\/wp-json\/wp\/v2\/pages\/72\/revisions"}],"predecessor-version":[{"id":516,"href":"https:\/\/www.hotelkabakum.com\/ro\/wp-json\/wp\/v2\/pages\/72\/revisions\/516"}],"wp:attachment":[{"href":"https:\/\/www.hotelkabakum.com\/ro\/wp-json\/wp\/v2\/media?parent=72"}],"curies":[{"name":"wp","href":"https:\/\/api.w.org\/{rel}","templated":true}]}}