{"id":74,"date":"2017-04-19T12:40:57","date_gmt":"2017-04-19T09:40:57","guid":{"rendered":"http:\/\/www.hotelkabakum.com\/new\/?page_id=74"},"modified":"2019-06-26T08:26:13","modified_gmt":"2019-06-26T05:26:13","slug":"contacte","status":"publish","type":"page","link":"https:\/\/www.hotelkabakum.com\/ro\/contacte\/","title":{"rendered":"Contacte"},"content":{"rendered":"<div class='jsn-bootstrap3'><div id='7ft0Km' class='row '  style='padding-top:10px;padding-bottom:10px;padding-left:10px;padding-right:10px;'><div class=\"col-md-6 col-sm-6 col-xs-12 \" ><div   class='jsn-bootstrap3 wr-element-container wr-element-text' ><div class=\"wr_text\" id=\"3BvL66\"><\/p>\n<h1>Adresa<\/h1>\n<p>or. Varna, regiunea Alen Mak 3444<br \/>\n\/ l\u00e2ng\u0103 Universitatea Liber\u0103 din Varna &#8220;Cernorizets Hrabar&#8221;\/<\/p>\n<h1>Telefoane:<\/h1>\n<p>359 52 355 827<br \/>\n359 882 660 814<br \/>\n359 882 660 847<br \/>\nPentru opinii: 359 882 660 864<br \/>\n\u0415-mail:<a href=\"mailto:hotel_kabakum_varna@abv.bg\">hotel_kabakum_varna@abv.bg<\/a><\/p>\n<\/div><\/div>\n<\/div><div class=\"col-md-6 col-sm-6 col-xs-12 \" ><\/p>\n<h1>Hart\u0103<\/h1>\n<div   class='jsn-bootstrap3 wr-element-container wr-element-text' ><div class=\"wr_text\" id=\"PvdYXk\"><p><iframe loading=\"lazy\" width=\"500\" height=\"300\" frameborder=\"0\" scrolling=\"no\" marginheight=\"0\" marginwidth=\"0\" src=\"https:\/\/maps.google.com\/maps\/ms?msa=0&#038;msid=216425072989224703016.0004f1d1cc2f922b46018&#038;ie=UTF8&#038;t=m&#038;ll=43.240201,27.963638&#038;spn=0.175075,0.291824&#038;z=11&#038;output=embed\"><\/iframe><\/p>\n<\/div><\/div>\n<\/div>\n<\/div><\/div>\n","protected":false},"excerpt":{"rendered":"","protected":false},"author":1,"featured_media":0,"parent":0,"menu_order":0,"comment_status":"closed","ping_status":"closed","template":"","meta":[],"aioseo_notices":[],"_links":{"self":[{"href":"https:\/\/www.hotelkabakum.com\/ro\/wp-json\/wp\/v2\/pages\/74"}],"collection":[{"href":"https:\/\/www.hotelkabakum.com\/ro\/wp-json\/wp\/v2\/pages"}],"about":[{"href":"https:\/\/www.hotelkabakum.com\/ro\/wp-json\/wp\/v2\/types\/page"}],"author":[{"embeddable":true,"href":"https:\/\/www.hotelkabakum.com\/ro\/wp-json\/wp\/v2\/users\/1"}],"replies":[{"embeddable":true,"href":"https:\/\/www.hotelkabakum.com\/ro\/wp-json\/wp\/v2\/comments?post=74"}],"version-history":[{"count":5,"href":"https:\/\/www.hotelkabakum.com\/ro\/wp-json\/wp\/v2\/pages\/74\/revisions"}],"predecessor-version":[{"id":521,"href":"https:\/\/www.hotelkabakum.com\/ro\/wp-json\/wp\/v2\/pages\/74\/revisions\/521"}],"wp:attachment":[{"href":"https:\/\/www.hotelkabakum.com\/ro\/wp-json\/wp\/v2\/media?parent=74"}],"curies":[{"name":"wp","href":"https:\/\/api.w.org\/{rel}","templated":true}]}}