{"id":2,"date":"2017-04-19T08:55:28","date_gmt":"2017-04-19T05:55:28","guid":{"rendered":"http:\/\/www.hotelkabakum.com\/new\/?page_id=2"},"modified":"2020-01-26T15:34:52","modified_gmt":"2020-01-26T13:34:52","slug":"%d0%bf%d1%80%d0%b8%d0%bc%d0%b5%d1%80%d0%bd%d0%b0-%d1%81%d1%82%d1%80%d0%b0%d0%bd%d0%b8%d1%86%d0%b0","status":"publish","type":"page","link":"https:\/\/www.hotelkabakum.com\/tr\/","title":{"rendered":"Ho\u015fgeldiniz!"},"content":{"rendered":"<p><img decoding=\"async\" loading=\"lazy\" class=\"alignright wp-image-150\" src=\"https:\/\/www.hotelkabakum.com\/tr\/wp-content\/uploads\/2017\/04\/rest2-300x225.jpg\" alt=\"\" width=\"240\" height=\"180\" srcset=\"https:\/\/www.hotelkabakum.com\/tr\/wp-content\/uploads\/2017\/04\/rest2-300x225.jpg 300w, https:\/\/www.hotelkabakum.com\/tr\/wp-content\/uploads\/2017\/04\/rest2-768x577.jpg 768w, https:\/\/www.hotelkabakum.com\/tr\/wp-content\/uploads\/2017\/04\/rest2.jpg 1000w\" sizes=\"(max-width: 240px) 100vw, 240px\" \/>&#8222;Kabakum&#8220; aile oteline ho\u015fgeldiniz. Burada ho\u015f bir atmosfer ve unutulmaz bir men\u00fc ke\u015ffedeceksiniz. Biz aile tatilinizi unutulmaz k\u0131laca\u011f\u0131z!<br \/>\n<div   class='jsn-bootstrap3 wr-element-container wr-element-button' ><a class='btn   btn-warning ' href='http:\/\/hotelkabakum.com\/klas_bbq_tour2\/Kabakum.html' target=\"_blank\">Klas Barbek\u00fc\u2019nun 360\u00b0 manzarasini g\u00f6r\u00fcn<\/a><\/div><\/p>\n<div style=\"text-align:center\">\n<iframe loading=\"lazy\" width=\"560\" height=\"315\" src=\"https:\/\/www.youtube.com\/embed\/3VPQNt7FqU0\" frameborder=\"0\" allow=\"accelerometer; autoplay; encrypted-media; gyroscope; picture-in-picture\" allowfullscreen><\/iframe>\n<\/div>\n<h1>Teslim Klas Barbek\u00fc<\/h1>\n<p><a href=\"https:\/\/www.fastfood.bg\/klas-barbeque-25.html\" target=\"_blank\" rel=\"noopener\"><img decoding=\"async\" src=\"https:\/\/klasbarbeque.com\/wp-content\/uploads\/2019\/05\/fastfood.png\" width=\"322\"\/><\/a><\/p>\n<h3 style=\"color:#fff;\">\u0422\u0435\u043b\u0435\u0444\u043e\u043d: 0700 400 90<\/h3>\n<div class='jsn-bootstrap3'><div id='PRJlQS' class='row '  style='padding-top:10px;padding-bottom:10px;padding-left:10px;padding-right:10px;'><div class=\"col-md-6 col-sm-6 col-xs-12 \" ><\/div><br \/>\n<div   class='jsn-bootstrap3 wr-element-container wr-element-text' ><div class=\"wr_text\" id=\"BRaB3L\"><\/p>\n<div id=\"TA_cdsratingsonlynarrow428\" class=\"TA_cdsratingsonlynarrow\">\n<ul id=\"chXXIcDv\" class=\"TA_links iLF0Iv7Ae\">\n<li id=\"FhYyvdBQK3qQ\" class=\"1iIjSek\">\n<a target=\"_blank\" href=\"http:\/\/www.tripadvisor.com\/\"><img decoding=\"async\" src=\"https:\/\/www.tripadvisor.com\/img\/cdsi\/img2\/branding\/tripadvisor_logo_transp_340x80-18034-2.png\" alt=\"TripAdvisor\"\/><\/a>\n<\/li>\n<\/ul>\n<\/div>\n<p><script src=\"https:\/\/www.jscache.com\/wejs?wtype=cdsratingsonlynarrow&#038;uniq=428&#038;locationId=3802604&#038;lang=en_US&#038;border=true&#038;display_version=2\"><\/script>\n<\/div><\/div><div   class='jsn-bootstrap3 wr-element-container wr-element-text' ><div class=\"wr_text\" id=\"X8snly\"><\/div><\/div>\n<p>\n<\/div><\/div>\n","protected":false},"excerpt":{"rendered":"<p>&#8222;Kabakum&#8220; aile oteline ho\u015fgeldiniz. Burada ho\u015f bir atmosfer ve unutulmaz bir men\u00fc ke\u015ffedeceksiniz. Biz aile tatilinizi unutulmaz k\u0131laca\u011f\u0131z! Teslim Klas Barbek\u00fc \u0422\u0435\u043b\u0435\u0444\u043e\u043d: 0700 400 90<\/p>\n","protected":false},"author":1,"featured_media":0,"parent":0,"menu_order":0,"comment_status":"closed","ping_status":"open","template":"page-template\/page-with-right-sidebar.php","meta":[],"aioseo_notices":[],"_links":{"self":[{"href":"https:\/\/www.hotelkabakum.com\/tr\/wp-json\/wp\/v2\/pages\/2"}],"collection":[{"href":"https:\/\/www.hotelkabakum.com\/tr\/wp-json\/wp\/v2\/pages"}],"about":[{"href":"https:\/\/www.hotelkabakum.com\/tr\/wp-json\/wp\/v2\/types\/page"}],"author":[{"embeddable":true,"href":"https:\/\/www.hotelkabakum.com\/tr\/wp-json\/wp\/v2\/users\/1"}],"replies":[{"embeddable":true,"href":"https:\/\/www.hotelkabakum.com\/tr\/wp-json\/wp\/v2\/comments?post=2"}],"version-history":[{"count":127,"href":"https:\/\/www.hotelkabakum.com\/tr\/wp-json\/wp\/v2\/pages\/2\/revisions"}],"predecessor-version":[{"id":543,"href":"https:\/\/www.hotelkabakum.com\/tr\/wp-json\/wp\/v2\/pages\/2\/revisions\/543"}],"wp:attachment":[{"href":"https:\/\/www.hotelkabakum.com\/tr\/wp-json\/wp\/v2\/media?parent=2"}],"curies":[{"name":"wp","href":"https:\/\/api.w.org\/{rel}","templated":true}]}}