{"id":66,"date":"2017-04-19T12:40:16","date_gmt":"2017-04-19T09:40:16","guid":{"rendered":"http:\/\/www.hotelkabakum.com\/new\/?page_id=66"},"modified":"2019-07-22T10:09:58","modified_gmt":"2019-07-22T07:09:58","slug":"fiyat","status":"publish","type":"page","link":"https:\/\/www.hotelkabakum.com\/tr\/fiyat\/","title":{"rendered":"F\u0130yat"},"content":{"rendered":"<p><style> \/* simple flat #346 *\/#ptp-346{border-color:#ddd;padding:0;margin-left:0;margin-right:0}#ptp-346 div.ptp-item-container{border-radius:10px}#ptp-346 div.ptp-item-container div{margin:0}#ptp-346 .ptp-highlight div.ptp-item-container{border-color:#ddd}#ptp-346 div.ptp-plan{border-top-right-radius:10px;border-top-left-radius:10px;font-size:1.15em;border-color:#ddd;background-color:#ddd;color:#333;padding:.9375em 1.25em}#ptp-346 div.ptp-plan .has-tip{border-bottom:dotted 1px #333;color:#333}#ptp-346 .ptp-highlight div.ptp-plan{border-color:#ddd;background-color:#ddd;color:#333}#ptp-346 .ptp-highlight div.ptp-plan .has-tip{border-bottom:dotted 1px #333;color:#333}#ptp-346 div.ptp-price{font-size:1.25em;background-color:#eee;color:#333;padding:.9375em 1.25em}#ptp-346 div.ptp-price .has-tip{border-bottom:dotted 1px #333;color:#333}#ptp-346 .ptp-highlight div.ptp-price{background-color:#eee;color:#333}#ptp-346 .ptp-highlight div.ptp-price .has-tip{border-bottom:dotted 1px #333;color:#333}#ptp-346 div.ptp-cta{border-bottom-right-radius:10px;border-bottom-left-radius:10px;background-color:#eee;padding-top:1.25em;padding-bottom:1.25em}#ptp-346 .ptp-highlight div.ptp-cta{background-color:#eee}#ptp-346 a.ptp-button{border-radius:10px;font-size:1em;color:#fff;background-color:#b79d23;border-bottom:#b79d23 4px solid;margin:0}#ptp-346 a.ptp-button .has-tip,#ptp-346 a.ptp-button:hover .has-tip{border-bottom:dotted 1px #fff;color:#fff}#ptp-346 a.ptp-button:hover{background-color:#b79d23}#ptp-346 div.ptp-bullet-item{color:#333;background-color:#fff;font-size:.875em;border-color:#ddd;padding:.9375em .5em .9375em .5em}#ptp-346 .ptp-highlight .ptp-bullet-item{color:#333;border-color:#ddd;background-color:#fff}#ptp-346 .ptp-highlight a.ptp-button{color:#fff;background-color:#e74c3c;border-bottom:#c0392b 4px solid}#ptp-346 .ptp-highlight a.ptp-button:hover{background-color:#c0392b}#ptp-346 .ptp-highlight a.ptp-button .has-tip{border-bottom:dotted 1px #fff;color:#fff}#ptp-346 div.ptp-most-popular{border-radius:10px;font-size:1.1em;background-color:#7f8c8d;color:#fff;border:1px solid #7f8c8d}\/* end of simple flat #346 *\/<\/style>        <script type=\"text\/javascript\">\n         jQuery(document).ready(function($) {\n            jQuery.call_match_height_346 = function call_match_height_design1(ptp_id) {\n                                $( ptp_id+' .ptp-plan' ).matchHeight(false); \n                                $( ptp_id+' .ptp-cta' ).matchHeight(false); \n                                $( ptp_id+' .ptp-price' ).matchHeight(false);\n                                $( ptp_id+' .ptp-button' ).matchHeight(false);\n\n                                $( ptp_id+' .ptp-bullet-item' ).each(function( index ){\n                                    $( ptp_id+' .ptp-row-id-'+index ).matchHeight(false);\n             \n                                });  \n                         }\n            var ptp_id = '#ptp-'+346 ;\n            $.call_match_height_346 ( ptp_id );              \n         });\n      <\/script>\n      \n        <div id=\"ptp-346\" class=\"ptp-pricing-table\" ><div class=\"ptp-col ptp-two-col  ptp-col-id-0 dh-ptp-col-id-0\"><div class=\"ptp-not-most-popular\">&nbsp;<\/div><div class=\"ptp-item-container\"><div class=\"ptp-plan\">Daire<\/div><div class=\"ptp-price\"><\/div><div class=\"ptp-bullet-item ptp-row-id-0\">01.05.2022 - 30.06.2022 - 110 leva \/ 55 Euro\r<\/div><div class=\"ptp-bullet-item ptp-row-id-1\">01.07.2022 - 31.08.2022 - 120 leva \/ 60 Euro\r<\/div><div class=\"ptp-bullet-item ptp-row-id-2\">01.09.2022 - 31.12.2022 - 110 leva \/ 55 Euro<\/div><div class=\"ptp-cta\"><a class=\"ptp-button ptp-checkout-button\" id=\"ptp-346-cta-0\"  href=\"http:\/\/www.hotelkabakum.com\/tr\/rezervasyon\/\"  >Rezervasyon<\/a><\/div><\/div><\/div><div class=\"ptp-col ptp-two-col  ptp-col-id-1 dh-ptp-col-id-1\"><div class=\"ptp-not-most-popular\">&nbsp;<\/div><div class=\"ptp-item-container\"><div class=\"ptp-plan\">\u00c7ift ki\u015filik oda<\/div><div class=\"ptp-price\"><\/div><div class=\"ptp-bullet-item ptp-row-id-0\">01.05.2022 - 30.06.2022 - 70 leva \/ 35 Euro\r<\/div><div class=\"ptp-bullet-item ptp-row-id-1\">01.07.2022 - 31.08.2022 - 80 leva \/ 40 Euro\r<\/div><div class=\"ptp-bullet-item ptp-row-id-2\">01.09.2022 - 31.12.2022 - 70 leva \/ 35 Euro<\/div><div class=\"ptp-cta\"><a class=\"ptp-button ptp-checkout-button\" id=\"ptp-346-cta-1\"  href=\"http:\/\/www.hotelkabakum.com\/tr\/rezervasyon\/\"  >Rezervasyon<\/a><\/div><\/div><\/div><\/div><br \/>\n<strong>Not:<\/strong><br \/>\n* Fiyatlar yatak i\u00e7in de\u011fil oda i\u00e7indir.<br \/>\n*\u00a0Kahvalt\u0131 bu fiyata dahil de\u011fildir.<br \/>\n*\u00a02 ya\u015f\u0131na kadar \u00e7ocuklara\u2013 \u00fccretsiz konaklama;<br \/>\n* \u0130ki yeti\u015fkin ile 2 -12 ya\u015f\u0131ndaki \u00e7ocuklar &#8211; yaln\u0131zca kahvalt\u0131 i\u00e7in ek \u00f6deme yapar;<br \/>\n*\u00a0Yedek yatakta ikinci \u00e7ocu\u011fun konaklamas\u0131 i\u00e7in \u00a0&#8211; konaklama fiyat\u0131ndan %50 indirim yap\u0131l\u0131r;<br \/>\n*\u00a0Normal yatakta 2 &#8211; 12 \u00a0ya\u015f \u00a0aras\u0131 \u00e7ocuklar i\u00e7in % 50 indirim yap\u0131l\u0131r;<\/p>\n","protected":false},"excerpt":{"rendered":"<p>Not: * Fiyatlar yatak i\u00e7in de\u011fil oda i\u00e7indir. *\u00a0Kahvalt\u0131 bu fiyata dahil de\u011fildir. *\u00a02 ya\u015f\u0131na kadar \u00e7ocuklara\u2013 \u00fccretsiz konaklama; * \u0130ki yeti\u015fkin ile 2 -12 ya\u015f\u0131ndaki \u00e7ocuklar &#8211; yaln\u0131zca kahvalt\u0131 i\u00e7in ek \u00f6deme yapar; *\u00a0Yedek yatakta ikinci \u00e7ocu\u011fun konaklamas\u0131 i\u00e7in \u00a0&#8211; konaklama fiyat\u0131ndan %50 indirim yap\u0131l\u0131r; *\u00a0Normal yatakta 2 &#8211; 12 \u00a0ya\u015f \u00a0aras\u0131 \u00e7ocuklar i\u00e7in [&hellip;]<\/p>\n","protected":false},"author":1,"featured_media":0,"parent":0,"menu_order":0,"comment_status":"closed","ping_status":"closed","template":"","meta":[],"aioseo_notices":[],"_links":{"self":[{"href":"https:\/\/www.hotelkabakum.com\/tr\/wp-json\/wp\/v2\/pages\/66"}],"collection":[{"href":"https:\/\/www.hotelkabakum.com\/tr\/wp-json\/wp\/v2\/pages"}],"about":[{"href":"https:\/\/www.hotelkabakum.com\/tr\/wp-json\/wp\/v2\/types\/page"}],"author":[{"embeddable":true,"href":"https:\/\/www.hotelkabakum.com\/tr\/wp-json\/wp\/v2\/users\/1"}],"replies":[{"embeddable":true,"href":"https:\/\/www.hotelkabakum.com\/tr\/wp-json\/wp\/v2\/comments?post=66"}],"version-history":[{"count":9,"href":"https:\/\/www.hotelkabakum.com\/tr\/wp-json\/wp\/v2\/pages\/66\/revisions"}],"predecessor-version":[{"id":530,"href":"https:\/\/www.hotelkabakum.com\/tr\/wp-json\/wp\/v2\/pages\/66\/revisions\/530"}],"wp:attachment":[{"href":"https:\/\/www.hotelkabakum.com\/tr\/wp-json\/wp\/v2\/media?parent=66"}],"curies":[{"name":"wp","href":"https:\/\/api.w.org\/{rel}","templated":true}]}}