{"id":68,"date":"2017-04-19T12:40:26","date_gmt":"2017-04-19T09:40:26","guid":{"rendered":"http:\/\/www.hotelkabakum.com\/new\/?page_id=68"},"modified":"2019-05-24T12:33:44","modified_gmt":"2019-05-24T09:33:44","slug":"rezervasyon","status":"publish","type":"page","link":"https:\/\/www.hotelkabakum.com\/tr\/rezervasyon\/","title":{"rendered":"Rezervasyon"},"content":{"rendered":"<div class=\"wpcf7 no-js\" id=\"wpcf7-f349-o1\" lang=\"bg-BG\" dir=\"ltr\">\n<div class=\"screen-reader-response\"><p role=\"status\" aria-live=\"polite\" aria-atomic=\"true\"><\/p> <ul><\/ul><\/div>\n<form action=\"\/tr\/wp-json\/wp\/v2\/pages\/68#wpcf7-f349-o1\" method=\"post\" class=\"wpcf7-form init\" aria-label=\"\u0424\u043e\u0440\u043c\u0430 \u0437\u0430 \u043a\u043e\u043d\u0442\u0430\u043a\u0442\u0438\" novalidate=\"novalidate\" data-status=\"init\">\n<div style=\"display: none;\">\n<input type=\"hidden\" name=\"_wpcf7\" value=\"349\" \/>\n<input type=\"hidden\" name=\"_wpcf7_version\" value=\"5.7.2\" \/>\n<input type=\"hidden\" name=\"_wpcf7_locale\" value=\"bg_BG\" \/>\n<input type=\"hidden\" name=\"_wpcf7_unit_tag\" value=\"wpcf7-f349-o1\" \/>\n<input type=\"hidden\" name=\"_wpcf7_container_post\" value=\"0\" \/>\n<input type=\"hidden\" name=\"_wpcf7_posted_data_hash\" value=\"\" \/>\n<\/div>\n<div style=\"width:45%;float:left;\">\n\t<p><label> Ad, soyad *<br \/>\n<span class=\"wpcf7-form-control-wrap\" data-name=\"your-name\"><input size=\"40\" class=\"wpcf7-form-control wpcf7-text wpcf7-validates-as-required\" aria-required=\"true\" aria-invalid=\"false\" value=\"\" type=\"text\" name=\"your-name\" \/><\/span> <\/label><br \/>\n<label> Telefon *<br \/>\n<span class=\"wpcf7-form-control-wrap\" data-name=\"text-35\"><input size=\"40\" class=\"wpcf7-form-control wpcf7-text wpcf7-validates-as-required\" aria-required=\"true\" aria-invalid=\"false\" value=\"\" type=\"text\" name=\"text-35\" \/><\/span><\/label><br \/>\n<label> E-mail (required)<br \/>\n<span class=\"wpcf7-form-control-wrap\" data-name=\"your-email\"><input size=\"40\" class=\"wpcf7-form-control wpcf7-text wpcf7-email wpcf7-validates-as-required wpcf7-validates-as-email\" aria-required=\"true\" aria-invalid=\"false\" value=\"\" type=\"email\" name=\"your-email\" \/><\/span> <\/label><br \/>\n<label> Oda se\u00e7iminiz *<br \/>\n<span class=\"wpcf7-form-control-wrap\" data-name=\"menu-44\"><select class=\"wpcf7-form-control wpcf7-select wpcf7-validates-as-required\" aria-required=\"true\" aria-invalid=\"false\" name=\"menu-44\"><option value=\"\u00c7ift ki\u015filik oda\">\u00c7ift ki\u015filik oda<\/option><option value=\"Daire\">Daire<\/option><\/select><\/span><\/label><br \/>\n<label> Oda say\u0131s\u0131<br \/>\n<span class=\"wpcf7-form-control-wrap\" data-name=\"text-36\"><input size=\"40\" class=\"wpcf7-form-control wpcf7-text\" aria-invalid=\"false\" value=\"\" type=\"text\" name=\"text-36\" \/><\/span><\/label>\n\t<\/p>\n<\/div>\n<div style=\"width:45%;float:right\">\n\t<p><label> Yeti\u015fkin *<br \/>\n<span class=\"wpcf7-form-control-wrap\" data-name=\"text-37\"><input size=\"40\" class=\"wpcf7-form-control wpcf7-text wpcf7-validates-as-required\" aria-required=\"true\" aria-invalid=\"false\" value=\"\" type=\"text\" name=\"text-37\" \/><\/span><\/label><br \/>\n<label> \u00c7ocuk say\u0131s\u0131<br \/>\n<span class=\"wpcf7-form-control-wrap\" data-name=\"text-38\"><input size=\"40\" class=\"wpcf7-form-control wpcf7-text\" aria-invalid=\"false\" value=\"\" type=\"text\" name=\"text-38\" \/><\/span><\/label><br \/>\n<label> \u00c7ocuk say\u0131s\u0131 *<br \/>\n<span class=\"wpcf7-form-control-wrap\" data-name=\"date-809\"><input class=\"wpcf7-form-control wpcf7-date wpcf7-validates-as-required wpcf7-validates-as-date\" aria-required=\"true\" aria-invalid=\"false\" value=\"\" type=\"date\" name=\"date-809\" \/><\/span><\/label><br \/>\n<label> Gelii\u015f tarihi *<br \/>\n<span class=\"wpcf7-form-control-wrap\" data-name=\"date-810\"><input class=\"wpcf7-form-control wpcf7-date wpcf7-validates-as-required wpcf7-validates-as-date\" aria-required=\"true\" aria-invalid=\"false\" value=\"\" type=\"date\" name=\"date-810\" \/><\/span><\/label><br \/>\n<label> \u00c7\u0131k\u0131\u015f tarihi<br \/>\n<span class=\"wpcf7-form-control-wrap\" data-name=\"your-message\"><textarea cols=\"40\" rows=\"10\" class=\"wpcf7-form-control wpcf7-textarea\" aria-invalid=\"false\" name=\"your-message\"><\/textarea><\/span> <\/label>\n\t<\/p>\n<\/div>\n<p><input class=\"wpcf7-form-control has-spinner wpcf7-submit\" type=\"submit\" value=\"G\u00f6nder\" \/>\n<\/p><div class=\"wpcf7-response-output\" aria-hidden=\"true\"><\/div><\/form><\/div>\n","protected":false},"excerpt":{"rendered":"","protected":false},"author":1,"featured_media":0,"parent":0,"menu_order":0,"comment_status":"closed","ping_status":"closed","template":"page-template\/page-with-right-sidebar.php","meta":[],"aioseo_notices":[],"_links":{"self":[{"href":"https:\/\/www.hotelkabakum.com\/tr\/wp-json\/wp\/v2\/pages\/68"}],"collection":[{"href":"https:\/\/www.hotelkabakum.com\/tr\/wp-json\/wp\/v2\/pages"}],"about":[{"href":"https:\/\/www.hotelkabakum.com\/tr\/wp-json\/wp\/v2\/types\/page"}],"author":[{"embeddable":true,"href":"https:\/\/www.hotelkabakum.com\/tr\/wp-json\/wp\/v2\/users\/1"}],"replies":[{"embeddable":true,"href":"https:\/\/www.hotelkabakum.com\/tr\/wp-json\/wp\/v2\/comments?post=68"}],"version-history":[{"count":6,"href":"https:\/\/www.hotelkabakum.com\/tr\/wp-json\/wp\/v2\/pages\/68\/revisions"}],"predecessor-version":[{"id":527,"href":"https:\/\/www.hotelkabakum.com\/tr\/wp-json\/wp\/v2\/pages\/68\/revisions\/527"}],"wp:attachment":[{"href":"https:\/\/www.hotelkabakum.com\/tr\/wp-json\/wp\/v2\/media?parent=68"}],"curies":[{"name":"wp","href":"https:\/\/api.w.org\/{rel}","templated":true}]}}