{"id":70,"date":"2017-04-19T12:40:34","date_gmt":"2017-04-19T09:40:34","guid":{"rendered":"http:\/\/www.hotelkabakum.com\/new\/?page_id=70"},"modified":"2019-07-24T09:09:01","modified_gmt":"2019-07-24T06:09:01","slug":"etkinlik","status":"publish","type":"page","link":"https:\/\/www.hotelkabakum.com\/tr\/etkinlik\/","title":{"rendered":"Etkinlik"},"content":{"rendered":"\n<!-- NOTE: If you need to make changes to this file, copy it to your current theme's main\n\tdirectory so your changes won't be overwritten when the plugin is upgraded. -->\n\n<!-- Post Wrap Start-->\n<div class=\"post hentry ivycat-post\">\n\n\t<!-- \tThis outputs the post TITLE -->\n\t<h2 class=\"entry-title\"><a href=\"https:\/\/www.hotelkabakum.com\/tr\/dugun\/\">D\u00fc\u011f\u00fcn<\/a><\/h2>\n\n\t<!-- \tThis outputs the post EXCERPT.  To display full content including images and html,\n\t\treplace the_excerpt(); with the_content();  below. -->\n\t<div class=\"entry-summary\">\n\t\t<p>2015-02-07<\/p>\n\t<\/div>\n\n\t<!--\tThis outputs the post META information -->\n\t<div class=\"entry-utility\">\n\t\t\t\t\t<span class=\"cat-links\">\n\t\t\t\t<span class=\"entry-utility-prep entry-utility-prep-cat-links\">Posted in<\/span> <a href=\"https:\/\/www.hotelkabakum.com\/tr\/category\/etkinlik\/\" rel=\"category tag\">Etkinlik<\/a>\t\t\t<\/span>\n\t\t\t<span class=\"meta-sep\">|<\/span>\n\t\t\t\t\t\t<span class=\"comments-link\">\n\t\t\t<span>\u041a\u043e\u043c\u0435\u043d\u0442\u0430\u0440\u0438\u0442\u0435 \u0441\u0430 \u0438\u0437\u043a\u043b\u044e\u0447\u0435\u043d\u0438<span class=\"screen-reader-text\"> \u0437\u0430 D\u00fc\u011f\u00fcn<\/span><\/span>\t\t<\/span>\n\t\t\t<\/div>\n<\/div>\n<!-- \/\/ Post Wrap End -->\n\n<!-- NOTE: If you need to make changes to this file, copy it to your current theme's main\n\tdirectory so your changes won't be overwritten when the plugin is upgraded. -->\n\n<!-- Post Wrap Start-->\n<div class=\"post hentry ivycat-post\">\n\n\t<!-- \tThis outputs the post TITLE -->\n\t<h2 class=\"entry-title\"><a href=\"https:\/\/www.hotelkabakum.com\/tr\/klas-barbekunun-yeni-acilan-vip-salonuna-buyurun\/\">Klas Barbek\u00fc\u2019nun yeni a\u00e7\u0131lan VIP salonuna buyurun<\/a><\/h2>\n\n\t<!-- \tThis outputs the post EXCERPT.  To display full content including images and html,\n\t\treplace the_excerpt(); with the_content();  below. -->\n\t<div class=\"entry-summary\">\n\t\t<p>Klas Barbek\u00fc\u2019nun yeni a\u00e7\u0131lan VIP salonuna buyurun &#8211; \u015f\u0131k bir ortam, m\u00fckemmel hizmet ve bildiginiz dayan\u0131lmaz men\u00fcs\u00fc en \u00f6zel anlar\u0131n\u0131z i\u00e7in kullan\u0131labilir.<\/p>\n\t<\/div>\n\n\t<!--\tThis outputs the post META information -->\n\t<div class=\"entry-utility\">\n\t\t\t\t\t<span class=\"cat-links\">\n\t\t\t\t<span class=\"entry-utility-prep entry-utility-prep-cat-links\">Posted in<\/span> <a href=\"https:\/\/www.hotelkabakum.com\/tr\/category\/etkinlik\/\" rel=\"category tag\">Etkinlik<\/a>\t\t\t<\/span>\n\t\t\t<span class=\"meta-sep\">|<\/span>\n\t\t\t\t\t\t<span class=\"comments-link\">\n\t\t\t<span>\u041a\u043e\u043c\u0435\u043d\u0442\u0430\u0440\u0438\u0442\u0435 \u0441\u0430 \u0438\u0437\u043a\u043b\u044e\u0447\u0435\u043d\u0438<span class=\"screen-reader-text\"> \u0437\u0430 Klas Barbek\u00fc\u2019nun yeni a\u00e7\u0131lan VIP salonuna buyurun<\/span><\/span>\t\t<\/span>\n\t\t\t<\/div>\n<\/div>\n<!-- \/\/ Post Wrap End -->\n\n<!-- NOTE: If you need to make changes to this file, copy it to your current theme's main\n\tdirectory so your changes won't be overwritten when the plugin is upgraded. -->\n\n<!-- Post Wrap Start-->\n<div class=\"post hentry ivycat-post\">\n\n\t<!-- \tThis outputs the post TITLE -->\n\t<h2 class=\"entry-title\"><a href=\"https:\/\/www.hotelkabakum.com\/tr\/etkinlik\/\">Etkinlik<\/a><\/h2>\n\n\t<!-- \tThis outputs the post EXCERPT.  To display full content including images and html,\n\t\treplace the_excerpt(); with the_content();  below. -->\n\t<div class=\"entry-summary\">\n\t\t<p>2013-12-18<\/p>\n\t<\/div>\n\n\t<!--\tThis outputs the post META information -->\n\t<div class=\"entry-utility\">\n\t\t\t\t\t<span class=\"cat-links\">\n\t\t\t\t<span class=\"entry-utility-prep entry-utility-prep-cat-links\">Posted in<\/span> <a href=\"https:\/\/www.hotelkabakum.com\/tr\/category\/etkinlik\/\" rel=\"category tag\">Etkinlik<\/a>\t\t\t<\/span>\n\t\t\t<span class=\"meta-sep\">|<\/span>\n\t\t\t\t\t\t<span class=\"comments-link\">\n\t\t\t<span>\u041a\u043e\u043c\u0435\u043d\u0442\u0430\u0440\u0438\u0442\u0435 \u0441\u0430 \u0438\u0437\u043a\u043b\u044e\u0447\u0435\u043d\u0438<span class=\"screen-reader-text\"> \u0437\u0430 Etkinlik<\/span><\/span>\t\t<\/span>\n\t\t\t<\/div>\n<\/div>\n<!-- \/\/ Post Wrap End -->\n\n<!-- NOTE: If you need to make changes to this file, copy it to your current theme's main\n\tdirectory so your changes won't be overwritten when the plugin is upgraded. -->\n\n<!-- Post Wrap Start-->\n<div class=\"post hentry ivycat-post\">\n\n\t<!-- \tThis outputs the post TITLE -->\n\t<h2 class=\"entry-title\"><a href=\"https:\/\/www.hotelkabakum.com\/tr\/etkinlik-2\/\">Etkinlik<\/a><\/h2>\n\n\t<!-- \tThis outputs the post EXCERPT.  To display full content including images and html,\n\t\treplace the_excerpt(); with the_content();  below. -->\n\t<div class=\"entry-summary\">\n\t\t\t<\/div>\n\n\t<!--\tThis outputs the post META information -->\n\t<div class=\"entry-utility\">\n\t\t\t\t\t<span class=\"cat-links\">\n\t\t\t\t<span class=\"entry-utility-prep entry-utility-prep-cat-links\">Posted in<\/span> <a href=\"https:\/\/www.hotelkabakum.com\/tr\/category\/etkinlik\/\" rel=\"category tag\">Etkinlik<\/a>\t\t\t<\/span>\n\t\t\t<span class=\"meta-sep\">|<\/span>\n\t\t\t\t\t\t<span class=\"comments-link\">\n\t\t\t<span>\u041a\u043e\u043c\u0435\u043d\u0442\u0430\u0440\u0438\u0442\u0435 \u0441\u0430 \u0438\u0437\u043a\u043b\u044e\u0447\u0435\u043d\u0438<span class=\"screen-reader-text\"> \u0437\u0430 Etkinlik<\/span><\/span>\t\t<\/span>\n\t\t\t<\/div>\n<\/div>\n<!-- \/\/ Post Wrap End -->\n\n<!-- NOTE: If you need to make changes to this file, copy it to your current theme's main\n\tdirectory so your changes won't be overwritten when the plugin is upgraded. -->\n\n<!-- Post Wrap Start-->\n<div class=\"post hentry ivycat-post\">\n\n\t<!-- \tThis outputs the post TITLE -->\n\t<h2 class=\"entry-title\"><a href=\"https:\/\/www.hotelkabakum.com\/tr\/etkinlik-3\/\">Etkinlik<\/a><\/h2>\n\n\t<!-- \tThis outputs the post EXCERPT.  To display full content including images and html,\n\t\treplace the_excerpt(); with the_content();  below. -->\n\t<div class=\"entry-summary\">\n\t\t<p>2013-07-10<\/p>\n\t<\/div>\n\n\t<!--\tThis outputs the post META information -->\n\t<div class=\"entry-utility\">\n\t\t\t\t\t<span class=\"cat-links\">\n\t\t\t\t<span class=\"entry-utility-prep entry-utility-prep-cat-links\">Posted in<\/span> <a href=\"https:\/\/www.hotelkabakum.com\/tr\/category\/etkinlik\/\" rel=\"category tag\">Etkinlik<\/a>\t\t\t<\/span>\n\t\t\t<span class=\"meta-sep\">|<\/span>\n\t\t\t\t\t\t<span class=\"comments-link\">\n\t\t\t<span>\u041a\u043e\u043c\u0435\u043d\u0442\u0430\u0440\u0438\u0442\u0435 \u0441\u0430 \u0438\u0437\u043a\u043b\u044e\u0447\u0435\u043d\u0438<span class=\"screen-reader-text\"> \u0437\u0430 Etkinlik<\/span><\/span>\t\t<\/span>\n\t\t\t<\/div>\n<\/div>\n<!-- \/\/ Post Wrap End -->\n\n<!-- NOTE: If you need to make changes to this file, copy it to your current theme's main\n\tdirectory so your changes won't be overwritten when the plugin is upgraded. -->\n\n<!-- Post Wrap Start-->\n<div class=\"post hentry ivycat-post\">\n\n\t<!-- \tThis outputs the post TITLE -->\n\t<h2 class=\"entry-title\"><a href=\"https:\/\/www.hotelkabakum.com\/tr\/etkinlik-4\/\">Etkinlik<\/a><\/h2>\n\n\t<!-- \tThis outputs the post EXCERPT.  To display full content including images and html,\n\t\treplace the_excerpt(); with the_content();  below. -->\n\t<div class=\"entry-summary\">\n\t\t<p>2013-05-30<\/p>\n\t<\/div>\n\n\t<!--\tThis outputs the post META information -->\n\t<div class=\"entry-utility\">\n\t\t\t\t\t<span class=\"cat-links\">\n\t\t\t\t<span class=\"entry-utility-prep entry-utility-prep-cat-links\">Posted in<\/span> <a href=\"https:\/\/www.hotelkabakum.com\/tr\/category\/etkinlik\/\" rel=\"category tag\">Etkinlik<\/a>\t\t\t<\/span>\n\t\t\t<span class=\"meta-sep\">|<\/span>\n\t\t\t\t\t\t<span class=\"comments-link\">\n\t\t\t<span>\u041a\u043e\u043c\u0435\u043d\u0442\u0430\u0440\u0438\u0442\u0435 \u0441\u0430 \u0438\u0437\u043a\u043b\u044e\u0447\u0435\u043d\u0438<span class=\"screen-reader-text\"> \u0437\u0430 Etkinlik<\/span><\/span>\t\t<\/span>\n\t\t\t<\/div>\n<\/div>\n<!-- \/\/ Post Wrap End -->\n\n","protected":false},"excerpt":{"rendered":"","protected":false},"author":1,"featured_media":0,"parent":0,"menu_order":0,"comment_status":"closed","ping_status":"closed","template":"page-template\/page-with-right-sidebar.php","meta":[],"aioseo_notices":[],"_links":{"self":[{"href":"https:\/\/www.hotelkabakum.com\/tr\/wp-json\/wp\/v2\/pages\/70"}],"collection":[{"href":"https:\/\/www.hotelkabakum.com\/tr\/wp-json\/wp\/v2\/pages"}],"about":[{"href":"https:\/\/www.hotelkabakum.com\/tr\/wp-json\/wp\/v2\/types\/page"}],"author":[{"embeddable":true,"href":"https:\/\/www.hotelkabakum.com\/tr\/wp-json\/wp\/v2\/users\/1"}],"replies":[{"embeddable":true,"href":"https:\/\/www.hotelkabakum.com\/tr\/wp-json\/wp\/v2\/comments?post=70"}],"version-history":[{"count":8,"href":"https:\/\/www.hotelkabakum.com\/tr\/wp-json\/wp\/v2\/pages\/70\/revisions"}],"predecessor-version":[{"id":534,"href":"https:\/\/www.hotelkabakum.com\/tr\/wp-json\/wp\/v2\/pages\/70\/revisions\/534"}],"wp:attachment":[{"href":"https:\/\/www.hotelkabakum.com\/tr\/wp-json\/wp\/v2\/media?parent=70"}],"curies":[{"name":"wp","href":"https:\/\/api.w.org\/{rel}","templated":true}]}}